{"id":8527,"date":"2018-07-31T13:05:04","date_gmt":"2018-07-31T10:05:04","guid":{"rendered":"https:\/\/bizkolektif.com\/sepet\/"},"modified":"2026-02-12T17:53:59","modified_gmt":"2026-02-12T14:53:59","slug":"sepet","status":"publish","type":"page","link":"https:\/\/bizkolektif.com\/en\/sepet\/","title":{"rendered":"Sepet"},"content":{"rendered":"\t\t<div data-elementor-type=\"wp-page\" data-elementor-id=\"8527\" class=\"elementor elementor-8527 elementor-190\" data-elementor-post-type=\"page\">\n\t\t\t\t<div class=\"elementor-element elementor-element-182a7ed6 e-flex e-con-boxed e-con e-parent\" data-id=\"182a7ed6\" data-element_type=\"container\" data-e-type=\"container\">\n\t\t\t\t\t<div class=\"e-con-inner\">\n\t\t\t\t\t<\/div>\n\t\t\t\t<\/div>\n\t\t\t\t<\/div>\n\t\t","protected":false},"excerpt":{"rendered":"<p>Sepetiniz \u015fu anda bo\u015f. SEPET\u0130N\u0130Z BO\u015e G\u00d6R\u00dcN\u00dcYOR Ma\u011fazam\u0131zdaki \u00fcr\u00fcn \u00e7e\u015fitleriyle tan\u0131\u015fmaya davetlisiniz. Eminiz ki kendiniz i\u00e7in bir \u015feyler bulacaks\u0131n\u0131z! Al\u0131\u015fveri\u015fe ba\u015fla<\/p>\n","protected":false},"author":2,"featured_media":0,"parent":0,"menu_order":0,"comment_status":"closed","ping_status":"closed","template":"","meta":{"_seopress_robots_primary_cat":"","_seopress_titles_title":"","_seopress_titles_desc":"","_seopress_robots_index":"","footnotes":""},"class_list":["post-8527","page","type-page","status-publish","hentry"],"_links":{"self":[{"href":"https:\/\/bizkolektif.com\/en\/wp-json\/wp\/v2\/pages\/8527","targetHints":{"allow":["GET"]}}],"collection":[{"href":"https:\/\/bizkolektif.com\/en\/wp-json\/wp\/v2\/pages"}],"about":[{"href":"https:\/\/bizkolektif.com\/en\/wp-json\/wp\/v2\/types\/page"}],"author":[{"embeddable":true,"href":"https:\/\/bizkolektif.com\/en\/wp-json\/wp\/v2\/users\/2"}],"replies":[{"embeddable":true,"href":"https:\/\/bizkolektif.com\/en\/wp-json\/wp\/v2\/comments?post=8527"}],"version-history":[{"count":0,"href":"https:\/\/bizkolektif.com\/en\/wp-json\/wp\/v2\/pages\/8527\/revisions"}],"wp:attachment":[{"href":"https:\/\/bizkolektif.com\/en\/wp-json\/wp\/v2\/media?parent=8527"}],"curies":[{"name":"wp","href":"https:\/\/api.w.org\/{rel}","templated":true}]}}