{"id":8596,"date":"2018-08-16T08:31:52","date_gmt":"2018-08-16T05:31:52","guid":{"rendered":"https:\/\/bizkolektif.com\/contact\/"},"modified":"2026-02-23T16:07:14","modified_gmt":"2026-02-23T13:07:14","slug":"contact","status":"publish","type":"page","link":"https:\/\/bizkolektif.com\/en\/contact\/","title":{"rendered":"CONTACT"},"content":{"rendered":"\t\t<div data-elementor-type=\"wp-page\" data-elementor-id=\"8596\" class=\"elementor elementor-8596 elementor-4834\" data-elementor-post-type=\"page\">\n\t\t\t\t\t\t<section class=\"elementor-section elementor-top-section elementor-element elementor-element-d1729bc elementor-section-boxed elementor-section-height-default elementor-section-height-default\" data-id=\"d1729bc\" data-element_type=\"section\" data-e-type=\"section\" data-settings=\"{&quot;background_background&quot;:&quot;classic&quot;}\">\n\t\t\t\t\t\t<div class=\"elementor-container elementor-column-gap-no\">\n\t\t\t\t\t<div class=\"elementor-column elementor-col-100 elementor-top-column elementor-element elementor-element-db02a3e\" data-id=\"db02a3e\" data-element_type=\"column\" data-e-type=\"column\">\n\t\t\t<div class=\"elementor-widget-wrap elementor-element-populated\">\n\t\t\t\t\t\t<div class=\"elementor-element elementor-element-132ca2c elementor-widget elementor-widget-image\" data-id=\"132ca2c\" data-element_type=\"widget\" data-e-type=\"widget\" data-widget_type=\"image.default\">\n\t\t\t\t\t\t\t\t\t\t\t\t\t\t\t<img alt=\"\" loading=\"lazy\" loading=\"lazy\" decoding=\"async\" width=\"1024\" height=\"292\" src=\"https:\/\/bizkolektif.com\/wp-content\/uploads\/2026\/01\/Biz_logo-1024x292.png\" class=\"attachment-large size-large wp-image-8595\" alt=\"\" srcset=\"https:\/\/bizkolektif.com\/wp-content\/uploads\/2026\/01\/Biz_logo-1024x292.png 1024w, https:\/\/bizkolektif.com\/wp-content\/uploads\/2026\/01\/Biz_logo-300x86.png 300w, https:\/\/bizkolektif.com\/wp-content\/uploads\/2026\/01\/Biz_logo-768x219.png 768w, https:\/\/bizkolektif.com\/wp-content\/uploads\/2026\/01\/Biz_logo-1536x439.png 1536w, https:\/\/bizkolektif.com\/wp-content\/uploads\/2026\/01\/Biz_logo-2048x585.png 2048w, https:\/\/bizkolektif.com\/wp-content\/uploads\/2026\/01\/Biz_logo-600x171.png 600w, https:\/\/bizkolektif.com\/wp-content\/uploads\/2026\/01\/Biz_logo-1x1.png 1w, https:\/\/bizkolektif.com\/wp-content\/uploads\/2026\/01\/Biz_logo-10x3.png 10w\" sizes=\"auto, (max-width: 1024px) 100vw, 1024px\" \/>\t\t\t\t\t\t\t\t\t\t\t\t\t\t\t<\/div>\n\t\t\t\t<div class=\"elementor-element elementor-element-5e3b877 elementor-widget elementor-widget-text-editor\" data-id=\"5e3b877\" data-element_type=\"widget\" data-e-type=\"widget\" data-widget_type=\"text-editor.default\">\n\t\t\t\t\t\t\t\t\t<div class=\"elementor-element elementor-element-42ed0ea elementor-widget elementor-widget-text-editor\" data-id=\"42ed0ea\" data-element_type=\"widget\" data-widget_type=\"text-editor.default\"><p><strong>Phone<br \/><\/strong>0 506 257 47 44<\/p><p><strong>Address<\/strong><br \/>G\u00fczelbur\u00e7 Mah. K\u0131br\u0131s Cad.<br \/>No: 31 \/ 24 Antakya\/Hatay, Turkey<\/p><p><strong>E-Mail:<\/strong><br \/>info@bizkolektif.com<\/p><\/div>\t\t\t\t\t\t\t\t<\/div>\n\t\t\t\t\t<\/div>\n\t\t<\/div>\n\t\t\t\t\t<\/div>\n\t\t<\/section>\n\t\t\t\t<\/div>\n\t\t","protected":false},"excerpt":{"rendered":"<p>Phone0 506 257 47 44 AddressG\u00fczelbur\u00e7 Mah. K\u0131br\u0131s Cad.No: 31 \/ 24 Antakya\/Hatay, Turkey E-Mail:info@bizkolektif.com<\/p>\n","protected":false},"author":1,"featured_media":0,"parent":0,"menu_order":0,"comment_status":"closed","ping_status":"closed","template":"","meta":{"_seopress_robots_primary_cat":"","_seopress_titles_title":"","_seopress_titles_desc":"","_seopress_robots_index":"","footnotes":""},"class_list":["post-8596","page","type-page","status-publish","hentry"],"_links":{"self":[{"href":"https:\/\/bizkolektif.com\/en\/wp-json\/wp\/v2\/pages\/8596","targetHints":{"allow":["GET"]}}],"collection":[{"href":"https:\/\/bizkolektif.com\/en\/wp-json\/wp\/v2\/pages"}],"about":[{"href":"https:\/\/bizkolektif.com\/en\/wp-json\/wp\/v2\/types\/page"}],"author":[{"embeddable":true,"href":"https:\/\/bizkolektif.com\/en\/wp-json\/wp\/v2\/users\/1"}],"replies":[{"embeddable":true,"href":"https:\/\/bizkolektif.com\/en\/wp-json\/wp\/v2\/comments?post=8596"}],"version-history":[{"count":13,"href":"https:\/\/bizkolektif.com\/en\/wp-json\/wp\/v2\/pages\/8596\/revisions"}],"predecessor-version":[{"id":8757,"href":"https:\/\/bizkolektif.com\/en\/wp-json\/wp\/v2\/pages\/8596\/revisions\/8757"}],"wp:attachment":[{"href":"https:\/\/bizkolektif.com\/en\/wp-json\/wp\/v2\/media?parent=8596"}],"curies":[{"name":"wp","href":"https:\/\/api.w.org\/{rel}","templated":true}]}}