{"id":8816,"date":"2026-02-04T23:33:09","date_gmt":"2026-02-04T20:33:09","guid":{"rendered":"https:\/\/bizkolektif.com\/cookies\/"},"modified":"2026-03-01T00:53:36","modified_gmt":"2026-02-28T21:53:36","slug":"cookies","status":"publish","type":"page","link":"https:\/\/bizkolektif.com\/en\/cookies\/","title":{"rendered":"COOKIES"},"content":{"rendered":"\n<p><strong>COOKIES<\/strong><\/p>\n\n<p><strong>COOKIE POLICY<\/strong><\/p>\n\n<p>This Cookie Policy has been prepared in order to explain the principles regarding the cookies used on the website operated by B\u0130Z Kolektif Kad\u0131n Kooperatifi.<\/p>\n\n<p><strong>1. WHAT IS A COOKIE?<\/strong><strong><\/strong><\/p>\n\n<p>Cookies are small text files that are stored on your device through browsers by websites.<\/p>\n\n<p><strong>2. TYPES OF COOKIES USED<\/strong><strong><\/strong><\/p>\n\n<p><strong>2.1. 2.1. Mandatory Cookies<\/strong><\/p>\n\n<p>These are cookies that are necessary for the proper functioning of the website.<\/p>\n\n<p><strong>2.2. 2.2. Functional Cookies<\/strong><\/p>\n\n<p>They are used to remember user preferences.<\/p>\n\n<p><strong>2.3. 2.3. Analytical Cookies<\/strong><\/p>\n\n<p>They are used for analyzing site usage and improving performance.<\/p>\n\n<p><strong>2.4. 2.4. Marketing Cookies<\/strong><\/p>\n\n<p>They are used to provide content and advertisements tailored to the user\u2019s interests.<\/p>\n\n<p><strong>3. PURPOSES OF USING COOKIES<\/strong><strong><\/strong><\/p>\n\n<p>Cookies may be used for the following purposes;<\/p>\n\n<ul class=\"wp-block-list\">\n<li>Ensuring the functioning of the site,<\/li>\n\n\n\n<li>Improving user experience,<\/li>\n\n\n\n<li>Conducting statistical analyses,<\/li>\n\n\n\n<li>Carrying out marketing activities.<\/li>\n<\/ul>\n\n<p>&#8211;<\/p>\n\n<p><strong>4. MANAGEMENT OF COOKIES<\/strong><strong><\/strong><\/p>\n\n<p>Users may accept, reject or delete cookies through their browser settings.<\/p>\n\n<p><strong>5. COOKIES AND PERSONAL DATA<\/strong><strong><\/strong><\/p>\n\n<p>Personal data obtained through cookies are processed within the scope of the Privacy Policy and Clarification Text Regarding the Protection of Personal Data.<\/p>\n\n<p><strong>POPD(KVKK) APPLICATION FORM<\/strong><\/p>\n\n<p><strong>PERSONAL DATA SUBJECT APPLICATION FORM<\/strong><\/p>\n\n<p>This form has been prepared in order to enable personal data subjects to submit their applications pursuant to Article 11 of the Law No. 6698 on the Protection of Personal Data. <\/p>\n\n<p><strong>A. APPLICANT INFORMATION<\/strong><strong><\/strong><\/p>\n\n<ul class=\"wp-block-list\">\n<li>Full Name:<\/li>\n\n\n\n<li>Turkish Republic ID No:<\/li>\n\n\n\n<li>Phone:<\/li>\n\n\n\n<li>E-mail:<\/li>\n\n\n\n<li>Address:<\/li>\n<\/ul>\n\n<p><strong>B. SUBJECT OF APPLICATION<\/strong><strong><\/strong><\/p>\n\n<p>Please mark your request:<\/p>\n\n<p>\u2610 I would like to learn whether my personal data are being processed\u2610 Ki\u015fisel verilerimin i\u015flenip i\u015flenmedi\u011fini \u00f6\u011frenmek istiyorum<\/p>\n\n<p>\u2610 If my personal data have been processed, I request information<\/p>\n\n<p>\u2610 I request the correction of my personal data<\/p>\n\n<p>\u2610 I request the deletion \/ destruction of my personal data<\/p>\n\n<p>\u2610 I would like to learn the third parties to whom my personal data have been transferred<\/p>\n\n<p>\u2610 I object to the outcome against me resulting from automated systems<\/p>\n\n<p>\u2610 Other (please specify):<\/p>\n\n<p><strong>C. DESCRIPTION OF REQUEST<\/strong><strong><\/strong><\/p>\n\n<p>(Please explain your request in detail)<\/p>\n\n<p><strong>D. APPLICANT DECLARATION<\/strong><strong><\/strong><\/p>\n\n<p>I hereby declare that the information provided in this form is accurate and that I consent to the sharing of my information for the purpose of evaluating my application.<\/p>\n\n<p>Date:<\/p>\n\n<p>Signature:<\/p>\n","protected":false},"excerpt":{"rendered":"<p>COOKIES COOKIE POLICY This Cookie Policy has been prepared in order to explain the principles regarding the cookies used on the website operated by B\u0130Z Kolektif Kad\u0131n Kooperatifi. 1. WHAT IS A COOKIE? Cookies are small text files that are stored on your device through&#8230;<\/p>\n","protected":false},"author":1,"featured_media":0,"parent":0,"menu_order":0,"comment_status":"closed","ping_status":"closed","template":"","meta":{"_seopress_robots_primary_cat":"","_seopress_titles_title":"","_seopress_titles_desc":"","_seopress_robots_index":"","footnotes":""},"class_list":["post-8816","page","type-page","status-publish","hentry"],"_links":{"self":[{"href":"https:\/\/bizkolektif.com\/en\/wp-json\/wp\/v2\/pages\/8816","targetHints":{"allow":["GET"]}}],"collection":[{"href":"https:\/\/bizkolektif.com\/en\/wp-json\/wp\/v2\/pages"}],"about":[{"href":"https:\/\/bizkolektif.com\/en\/wp-json\/wp\/v2\/types\/page"}],"author":[{"embeddable":true,"href":"https:\/\/bizkolektif.com\/en\/wp-json\/wp\/v2\/users\/1"}],"replies":[{"embeddable":true,"href":"https:\/\/bizkolektif.com\/en\/wp-json\/wp\/v2\/comments?post=8816"}],"version-history":[{"count":1,"href":"https:\/\/bizkolektif.com\/en\/wp-json\/wp\/v2\/pages\/8816\/revisions"}],"predecessor-version":[{"id":8817,"href":"https:\/\/bizkolektif.com\/en\/wp-json\/wp\/v2\/pages\/8816\/revisions\/8817"}],"wp:attachment":[{"href":"https:\/\/bizkolektif.com\/en\/wp-json\/wp\/v2\/media?parent=8816"}],"curies":[{"name":"wp","href":"https:\/\/api.w.org\/{rel}","templated":true}]}}